{"id":279,"date":"2026-03-24T19:45:33","date_gmt":"2026-03-24T18:45:33","guid":{"rendered":"https:\/\/alienne.fr\/?page_id=279"},"modified":"2026-03-24T19:45:33","modified_gmt":"2026-03-24T18:45:33","slug":"recueil","status":"publish","type":"page","link":"https:\/\/alienne.fr\/?page_id=279","title":{"rendered":"Recueil"},"content":{"rendered":"<p>Mon premier recueil, <em>Rose Serpent<\/em>, est disponible aux \u00e9ditions les bonnes feuilles !<br \/>\n<a href=\"https:\/\/lesbonnesfeuilles.fr\/alienne\/rose-serpent\">https:\/\/lesbonnesfeuilles.fr\/alienne\/rose-serpent<\/a><\/p>\n<p><em>Rose Serpent<\/em> est un recueil en quatre parties, qui m\u00e9lange slam et divers formats po\u00e9tiques.<\/p>\n<p><strong>Rose Serpent<\/strong> (2016-2024) : des po\u00e8mes t\u00e9moins d\u2019un devenir-adulte, depuis la col\u00e8re r\u00e9clam\u00e9e du serpent \u00e0 la douceur assum\u00e9e de la rose. R\u00e9gler ses comptes avec des relations familiales, amoureuses ou amicales dysfonctionnelles, pour trouver l&rsquo;espace d&rsquo;\u00eatre soi.<\/p>\n<p><strong>l\u2019enfant-louve<\/strong> (2024-2025) accompagne l\u2019\u00e9mergence \u00e0 l\u2019\u00e2ge adulte d\u2019un trauma d\u2019enfance qui \u00e9tait profond\u00e9ment enfoui.<\/p>\n<p><strong>ma tribu (ta meute)<\/strong> (2011-2023) c\u2019est le monde autour, celui qui compte.<\/p>\n<p><strong>\u00c9rotique \u00c9l\u00e9mentaire<\/strong> (2017) : la flamb\u00e9e po\u00e9tique d\u2019un d\u00e9but de relation.<\/p>\n","protected":false},"excerpt":{"rendered":"<p>Mon premier recueil, Rose Serpent, est disponible aux \u00e9ditions les bonnes feuilles ! https:\/\/lesbonnesfeuilles.fr\/alienne\/rose-serpent Rose Serpent est un recueil en quatre parties, qui m\u00e9lange slam et divers formats po\u00e9tiques. Rose Serpent (2016-2024) : des po\u00e8mes t\u00e9moins d\u2019un devenir-adulte, depuis la col\u00e8re r\u00e9clam\u00e9e du serpent \u00e0 la douceur assum\u00e9e de la rose. R\u00e9gler ses comptes avec [&hellip;]<\/p>\n","protected":false},"author":1,"featured_media":0,"parent":0,"menu_order":0,"comment_status":"closed","ping_status":"closed","template":"","meta":{"footnotes":""},"class_list":["post-279","page","type-page","status-publish","hentry"],"jetpack_sharing_enabled":true,"_links":{"self":[{"href":"https:\/\/alienne.fr\/index.php?rest_route=\/wp\/v2\/pages\/279","targetHints":{"allow":["GET"]}}],"collection":[{"href":"https:\/\/alienne.fr\/index.php?rest_route=\/wp\/v2\/pages"}],"about":[{"href":"https:\/\/alienne.fr\/index.php?rest_route=\/wp\/v2\/types\/page"}],"author":[{"embeddable":true,"href":"https:\/\/alienne.fr\/index.php?rest_route=\/wp\/v2\/users\/1"}],"replies":[{"embeddable":true,"href":"https:\/\/alienne.fr\/index.php?rest_route=%2Fwp%2Fv2%2Fcomments&post=279"}],"version-history":[{"count":1,"href":"https:\/\/alienne.fr\/index.php?rest_route=\/wp\/v2\/pages\/279\/revisions"}],"predecessor-version":[{"id":280,"href":"https:\/\/alienne.fr\/index.php?rest_route=\/wp\/v2\/pages\/279\/revisions\/280"}],"wp:attachment":[{"href":"https:\/\/alienne.fr\/index.php?rest_route=%2Fwp%2Fv2%2Fmedia&parent=279"}],"curies":[{"name":"wp","href":"https:\/\/api.w.org\/{rel}","templated":true}]}}