{"id":8,"date":"2021-04-17T17:39:34","date_gmt":"2021-04-17T15:39:34","guid":{"rendered":"https:\/\/alienne.fr\/?page_id=8"},"modified":"2026-03-24T19:53:46","modified_gmt":"2026-03-24T18:53:46","slug":"a-propos","status":"publish","type":"page","link":"https:\/\/alienne.fr\/?page_id=8","title":{"rendered":"\u00c0 propos d&rsquo;Alienne"},"content":{"rendered":"\n<p>Alienne voulait un lieu pour d\u00e9poser toutes les formes d\u2019\u00e9criture po\u00e9tique qu\u2019elle a envie de partager. C&rsquo;est ici. <\/p>\n\n\n\n<p>Pour Alienne, la po\u00e9sie accompagne la vie. Comme un flot qui se d\u00e9verse, chaque texte une vague, une \u00e9mergence naturelle d&rsquo;\u00e9motions qui ont besoin d&rsquo;\u00eatre exprim\u00e9es par les mots. Comme un cri ou parfois comme un murmure. Une mani\u00e8re d&rsquo;\u00eatre vue. Un baume au c\u0153ur.<\/p>\n\n\n\n<p>La connexion, l\u2019\u00e9mancipation individuelle et collective, la marginalit\u00e9, et l\u2019\u00e9rotisme sont les th\u00e9matiques principales qui traversent l&rsquo;\u00e9criture et la vie d&rsquo;Alienne.<\/p>\n\n\n\n<p>H\u00e9ritage de son grand-p\u00e8re, Alienne appr\u00e9cie aussi la po\u00e9sie \u00e9v\u00e9nementielle, qui marque les \u00e9tapes d&rsquo;une vie.<\/p>\n\n\n\n<p>Alienne re\u00e7oit des messages via poesiealienne@gmail.com<\/p>\n","protected":false},"excerpt":{"rendered":"<p>Alienne voulait un lieu pour d\u00e9poser toutes les formes d\u2019\u00e9criture po\u00e9tique qu\u2019elle a envie de partager. C&rsquo;est ici. Pour Alienne, la po\u00e9sie accompagne la vie. Comme un flot qui se d\u00e9verse, chaque texte une vague, une \u00e9mergence naturelle d&rsquo;\u00e9motions qui ont besoin d&rsquo;\u00eatre exprim\u00e9es par les mots. Comme un cri ou parfois comme un murmure. [&hellip;]<\/p>\n","protected":false},"author":1,"featured_media":0,"parent":0,"menu_order":0,"comment_status":"closed","ping_status":"closed","template":"","meta":{"footnotes":""},"class_list":["post-8","page","type-page","status-publish","hentry"],"jetpack_sharing_enabled":true,"_links":{"self":[{"href":"https:\/\/alienne.fr\/index.php?rest_route=\/wp\/v2\/pages\/8","targetHints":{"allow":["GET"]}}],"collection":[{"href":"https:\/\/alienne.fr\/index.php?rest_route=\/wp\/v2\/pages"}],"about":[{"href":"https:\/\/alienne.fr\/index.php?rest_route=\/wp\/v2\/types\/page"}],"author":[{"embeddable":true,"href":"https:\/\/alienne.fr\/index.php?rest_route=\/wp\/v2\/users\/1"}],"replies":[{"embeddable":true,"href":"https:\/\/alienne.fr\/index.php?rest_route=%2Fwp%2Fv2%2Fcomments&post=8"}],"version-history":[{"count":9,"href":"https:\/\/alienne.fr\/index.php?rest_route=\/wp\/v2\/pages\/8\/revisions"}],"predecessor-version":[{"id":288,"href":"https:\/\/alienne.fr\/index.php?rest_route=\/wp\/v2\/pages\/8\/revisions\/288"}],"wp:attachment":[{"href":"https:\/\/alienne.fr\/index.php?rest_route=%2Fwp%2Fv2%2Fmedia&parent=8"}],"curies":[{"name":"wp","href":"https:\/\/api.w.org\/{rel}","templated":true}]}}